{"id":85,"date":"2023-02-06T15:50:00","date_gmt":"2023-02-06T14:50:00","guid":{"rendered":"https:\/\/naturfreunde-ybbs.at\/?page_id=85"},"modified":"2025-03-17T11:03:49","modified_gmt":"2025-03-17T10:03:49","slug":"85-2","status":"publish","type":"page","link":"https:\/\/www.naturfreunde-ybbs.at\/?page_id=85","title":{"rendered":"Sektion Foto"},"content":{"rendered":"<p><span style=\"color: #ff0000;\"><strong><span style=\"font-family: Calibri,Calibri; font-size: 36pt;\">Digi \u2013 Foto &#8211; Treff <\/span><\/strong><span style=\"font-family: Calibri,Calibri; font-size: 300%;\"><strong>2025<\/strong><\/span><\/span><\/p>\n<p><strong><u>Termine<\/u><\/strong>: <strong>jeden 2. Montag im Monat um 19:00 Uhr<br \/>\n<\/strong><strong>Naturfreunde Vereinshaus, <\/strong><strong>Angernstra\u00dfe 13, 3370 Ybbs\/Donau<br \/>\n<\/strong>bei kurzfristigen \u00c4nderungen Info mittels E-Mail\/SMS\/WhatsApp<br \/>\n<strong>Bilder auf USB-Stick mitbringen!<\/strong><\/p>\n<p><strong><u>Clubabende Sommerzeit 19:00 Uhr:<br \/>\n<\/u><\/strong><br \/>\n<strong><u>Juli\/August \u2013 Sommerpause!<\/u><\/strong><strong><br \/>\n<\/strong><\/p>\n<p><strong><span style=\"font-size: 36pt;\">Themenschwerpunkte f\u00fcr 2025<\/span><\/strong><\/p>\n<p>Workshop teilnehmen &#8211; Besuch von Ausstellungen! \u00a0Oldtimer\/Vespa fotografieren &#8211; fotografische Unterst\u00fctzung f\u00fcr andere Vereinsveranstaltungen! \u00a0Termin Planung f\u00fcr ein Wochenende, Au\u00dfenaufnahmen oder f\u00fcr einen Fotoausflug (eventuell mit Vereinsbus). Vortr\u00e4ge und Tipps von Referenten anderer Fotogruppen od. Landes Referenten aus N\u00d6 und O\u00d6. Wettbewerbsteilnahme an der Naturfreunde Landesmeisterschaft und Naturfreunde Bundesmeisterschaft!<br \/>\nLichtsetzung bei kleineren Objekten (z.B. mit Lampen auf Fototisch, Fotobox bzw. Beleuchtungskoffer)Blitztechnik\/Makro\/Filtertechnik<br \/>\nGemeinsame Bildauswahl f\u00fcr Schaukasten Gestaltung im Bahnhof Warteraum (Gr\u00f6\u00dfe A4 oder A3)<\/p>\n<p>Bei jedem Klubabend k\u00f6nnen Klubmitglieder Bilder vorstellen, aber auch Fotos f\u00fcr den Schaukasten ausw\u00e4hlen!<br \/>\nBildauswahl f\u00fcr Schauk\u00e4sten Gestaltung A4\/A3<\/p>\n<p><strong>Besucher<\/strong> und <strong>G\u00e4ste <\/strong>sind an den Klubabenden im Vereinshaus der Naturfreunde Ybbs immer willkommen.<\/p>\n<p>Gut Licht und scharfe Pixel<br \/>\nEuer Ansprechpartner:<br \/>\nKappelm\u00fcller Willi<br \/>\nTel.: 0664\/4243713<br \/>\nE-Mail: nf-fotoclub-ybbs@aon.at<br \/>\noder: eva-willi@aon.at<\/p>\n<h3>Sonnenwende 2023<\/h3>\n<table style=\"border-collapse: collapse; width: 100%;\">\n<tbody>\n<tr>\n<td style=\"width: 33.3333%;\"><img loading=\"lazy\" decoding=\"async\" class=\"alignnone size-medium wp-image-628\" src=\"https:\/\/www.naturfreunde-ybbs.at\/wp-content\/uploads\/2024\/02\/IMG_20230624_215633-300x225.jpg\" alt=\"\" width=\"300\" height=\"225\" srcset=\"https:\/\/www.naturfreunde-ybbs.at\/wp-content\/uploads\/2024\/02\/IMG_20230624_215633-300x225.jpg 300w, https:\/\/www.naturfreunde-ybbs.at\/wp-content\/uploads\/2024\/02\/IMG_20230624_215633-1024x768.jpg 1024w, https:\/\/www.naturfreunde-ybbs.at\/wp-content\/uploads\/2024\/02\/IMG_20230624_215633-768x576.jpg 768w, https:\/\/www.naturfreunde-ybbs.at\/wp-content\/uploads\/2024\/02\/IMG_20230624_215633-1536x1152.jpg 1536w, https:\/\/www.naturfreunde-ybbs.at\/wp-content\/uploads\/2024\/02\/IMG_20230624_215633-2048x1536.jpg 2048w, https:\/\/www.naturfreunde-ybbs.at\/wp-content\/uploads\/2024\/02\/IMG_20230624_215633-360x270.jpg 360w, https:\/\/www.naturfreunde-ybbs.at\/wp-content\/uploads\/2024\/02\/IMG_20230624_215633-80x60.jpg 80w\" sizes=\"auto, (max-width: 300px) 100vw, 300px\" \/><\/td>\n<td style=\"width: 33.3333%;\"><img loading=\"lazy\" decoding=\"async\" class=\"alignnone size-medium wp-image-627\" src=\"https:\/\/www.naturfreunde-ybbs.at\/wp-content\/uploads\/2024\/02\/IMG_20230624_215610-1-300x225.jpg\" alt=\"\" width=\"300\" height=\"225\" srcset=\"https:\/\/www.naturfreunde-ybbs.at\/wp-content\/uploads\/2024\/02\/IMG_20230624_215610-1-300x225.jpg 300w, https:\/\/www.naturfreunde-ybbs.at\/wp-content\/uploads\/2024\/02\/IMG_20230624_215610-1-1024x768.jpg 1024w, https:\/\/www.naturfreunde-ybbs.at\/wp-content\/uploads\/2024\/02\/IMG_20230624_215610-1-768x576.jpg 768w, https:\/\/www.naturfreunde-ybbs.at\/wp-content\/uploads\/2024\/02\/IMG_20230624_215610-1-1536x1152.jpg 1536w, https:\/\/www.naturfreunde-ybbs.at\/wp-content\/uploads\/2024\/02\/IMG_20230624_215610-1-2048x1536.jpg 2048w, https:\/\/www.naturfreunde-ybbs.at\/wp-content\/uploads\/2024\/02\/IMG_20230624_215610-1-360x270.jpg 360w, https:\/\/www.naturfreunde-ybbs.at\/wp-content\/uploads\/2024\/02\/IMG_20230624_215610-1-80x60.jpg 80w\" sizes=\"auto, (max-width: 300px) 100vw, 300px\" \/><\/td>\n<td style=\"width: 33.3333%;\"><img loading=\"lazy\" decoding=\"async\" class=\"alignnone size-medium wp-image-629\" src=\"https:\/\/www.naturfreunde-ybbs.at\/wp-content\/uploads\/2024\/02\/IMG_20230624_215645-300x225.jpg\" alt=\"\" width=\"300\" height=\"225\" srcset=\"https:\/\/www.naturfreunde-ybbs.at\/wp-content\/uploads\/2024\/02\/IMG_20230624_215645-300x225.jpg 300w, https:\/\/www.naturfreunde-ybbs.at\/wp-content\/uploads\/2024\/02\/IMG_20230624_215645-1024x768.jpg 1024w, https:\/\/www.naturfreunde-ybbs.at\/wp-content\/uploads\/2024\/02\/IMG_20230624_215645-768x576.jpg 768w, https:\/\/www.naturfreunde-ybbs.at\/wp-content\/uploads\/2024\/02\/IMG_20230624_215645-1536x1152.jpg 1536w, https:\/\/www.naturfreunde-ybbs.at\/wp-content\/uploads\/2024\/02\/IMG_20230624_215645-2048x1536.jpg 2048w, https:\/\/www.naturfreunde-ybbs.at\/wp-content\/uploads\/2024\/02\/IMG_20230624_215645-360x270.jpg 360w, https:\/\/www.naturfreunde-ybbs.at\/wp-content\/uploads\/2024\/02\/IMG_20230624_215645-80x60.jpg 80w\" sizes=\"auto, (max-width: 300px) 100vw, 300px\" \/><\/td>\n<\/tr>\n<tr>\n<td style=\"width: 33.3333%;\"><img loading=\"lazy\" decoding=\"async\" class=\"alignnone size-medium wp-image-626\" src=\"https:\/\/www.naturfreunde-ybbs.at\/wp-content\/uploads\/2024\/02\/IMG_20230624_215606-300x225.jpg\" alt=\"\" width=\"300\" height=\"225\" srcset=\"https:\/\/www.naturfreunde-ybbs.at\/wp-content\/uploads\/2024\/02\/IMG_20230624_215606-300x225.jpg 300w, https:\/\/www.naturfreunde-ybbs.at\/wp-content\/uploads\/2024\/02\/IMG_20230624_215606-1024x768.jpg 1024w, https:\/\/www.naturfreunde-ybbs.at\/wp-content\/uploads\/2024\/02\/IMG_20230624_215606-768x576.jpg 768w, https:\/\/www.naturfreunde-ybbs.at\/wp-content\/uploads\/2024\/02\/IMG_20230624_215606-1536x1152.jpg 1536w, https:\/\/www.naturfreunde-ybbs.at\/wp-content\/uploads\/2024\/02\/IMG_20230624_215606-2048x1536.jpg 2048w, https:\/\/www.naturfreunde-ybbs.at\/wp-content\/uploads\/2024\/02\/IMG_20230624_215606-360x270.jpg 360w, https:\/\/www.naturfreunde-ybbs.at\/wp-content\/uploads\/2024\/02\/IMG_20230624_215606-80x60.jpg 80w\" sizes=\"auto, (max-width: 300px) 100vw, 300px\" \/><\/td>\n<td style=\"width: 33.3333%;\"><img loading=\"lazy\" decoding=\"async\" class=\"alignnone size-medium wp-image-630\" src=\"https:\/\/www.naturfreunde-ybbs.at\/wp-content\/uploads\/2024\/02\/IMG_20230624_223848-300x225.jpg\" alt=\"\" width=\"300\" height=\"225\" srcset=\"https:\/\/www.naturfreunde-ybbs.at\/wp-content\/uploads\/2024\/02\/IMG_20230624_223848-300x225.jpg 300w, https:\/\/www.naturfreunde-ybbs.at\/wp-content\/uploads\/2024\/02\/IMG_20230624_223848-1024x768.jpg 1024w, https:\/\/www.naturfreunde-ybbs.at\/wp-content\/uploads\/2024\/02\/IMG_20230624_223848-768x576.jpg 768w, https:\/\/www.naturfreunde-ybbs.at\/wp-content\/uploads\/2024\/02\/IMG_20230624_223848-1536x1152.jpg 1536w, https:\/\/www.naturfreunde-ybbs.at\/wp-content\/uploads\/2024\/02\/IMG_20230624_223848-2048x1536.jpg 2048w, https:\/\/www.naturfreunde-ybbs.at\/wp-content\/uploads\/2024\/02\/IMG_20230624_223848-360x270.jpg 360w, https:\/\/www.naturfreunde-ybbs.at\/wp-content\/uploads\/2024\/02\/IMG_20230624_223848-80x60.jpg 80w\" sizes=\"auto, (max-width: 300px) 100vw, 300px\" \/><\/td>\n<td style=\"width: 33.3333%;\"><img loading=\"lazy\" decoding=\"async\" class=\"alignnone size-medium wp-image-631\" src=\"https:\/\/www.naturfreunde-ybbs.at\/wp-content\/uploads\/2024\/02\/IMG_20230624_223852-300x225.jpg\" alt=\"\" width=\"300\" height=\"225\" srcset=\"https:\/\/www.naturfreunde-ybbs.at\/wp-content\/uploads\/2024\/02\/IMG_20230624_223852-300x225.jpg 300w, https:\/\/www.naturfreunde-ybbs.at\/wp-content\/uploads\/2024\/02\/IMG_20230624_223852-1024x768.jpg 1024w, https:\/\/www.naturfreunde-ybbs.at\/wp-content\/uploads\/2024\/02\/IMG_20230624_223852-768x576.jpg 768w, https:\/\/www.naturfreunde-ybbs.at\/wp-content\/uploads\/2024\/02\/IMG_20230624_223852-1536x1152.jpg 1536w, https:\/\/www.naturfreunde-ybbs.at\/wp-content\/uploads\/2024\/02\/IMG_20230624_223852-2048x1536.jpg 2048w, https:\/\/www.naturfreunde-ybbs.at\/wp-content\/uploads\/2024\/02\/IMG_20230624_223852-360x270.jpg 360w, https:\/\/www.naturfreunde-ybbs.at\/wp-content\/uploads\/2024\/02\/IMG_20230624_223852-80x60.jpg 80w\" sizes=\"auto, (max-width: 300px) 100vw, 300px\" \/><\/td>\n<\/tr>\n<\/tbody>\n<\/table>\n<p><\/p>\n","protected":false},"excerpt":{"rendered":"<p>Digi \u2013 Foto &#8211; Treff 2025 Termine: jeden 2. Montag im Monat um 19:00 Uhr Naturfreunde Vereinshaus, Angernstra\u00dfe 13, 3370 Ybbs\/Donau bei kurzfristigen \u00c4nderungen Info mittels E-Mail\/SMS\/WhatsApp Bilder auf USB-Stick [&hellip;]<\/p>\n","protected":false},"author":3,"featured_media":0,"parent":0,"menu_order":0,"comment_status":"closed","ping_status":"closed","template":"","meta":{"_bbp_topic_count":0,"_bbp_reply_count":0,"_bbp_total_topic_count":0,"_bbp_total_reply_count":0,"_bbp_voice_count":0,"_bbp_anonymous_reply_count":0,"_bbp_topic_count_hidden":0,"_bbp_reply_count_hidden":0,"_bbp_forum_subforum_count":0,"footnotes":""},"class_list":["post-85","page","type-page","status-publish","hentry"],"_links":{"self":[{"href":"https:\/\/www.naturfreunde-ybbs.at\/index.php?rest_route=\/wp\/v2\/pages\/85","targetHints":{"allow":["GET"]}}],"collection":[{"href":"https:\/\/www.naturfreunde-ybbs.at\/index.php?rest_route=\/wp\/v2\/pages"}],"about":[{"href":"https:\/\/www.naturfreunde-ybbs.at\/index.php?rest_route=\/wp\/v2\/types\/page"}],"author":[{"embeddable":true,"href":"https:\/\/www.naturfreunde-ybbs.at\/index.php?rest_route=\/wp\/v2\/users\/3"}],"replies":[{"embeddable":true,"href":"https:\/\/www.naturfreunde-ybbs.at\/index.php?rest_route=%2Fwp%2Fv2%2Fcomments&post=85"}],"version-history":[{"count":29,"href":"https:\/\/www.naturfreunde-ybbs.at\/index.php?rest_route=\/wp\/v2\/pages\/85\/revisions"}],"predecessor-version":[{"id":656,"href":"https:\/\/www.naturfreunde-ybbs.at\/index.php?rest_route=\/wp\/v2\/pages\/85\/revisions\/656"}],"wp:attachment":[{"href":"https:\/\/www.naturfreunde-ybbs.at\/index.php?rest_route=%2Fwp%2Fv2%2Fmedia&parent=85"}],"curies":[{"name":"wp","href":"https:\/\/api.w.org\/{rel}","templated":true}]}}