{"id":316,"date":"2016-03-24T13:48:44","date_gmt":"2016-03-24T12:48:44","guid":{"rendered":"https:\/\/www.naturfreunde-ybbs.at\/nfkc2016\/?page_id=316"},"modified":"2016-06-22T13:42:42","modified_gmt":"2016-06-22T11:42:42","slug":"kanupolo","status":"publish","type":"page","link":"https:\/\/www.naturfreunde-ybbs.at\/nfkc\/?page_id=316","title":{"rendered":"Kanupolo"},"content":{"rendered":"<p><strong>\u00a0Kanu Polo &#8230;<\/strong><\/p>\n<p>.. ist eine Mannschaftssportart f\u00fcr Kajakfahrer. Die Regeln stellen eine Mischung aus Fussball, Wasserball und Basketball dar. Gespielt wird auf einem 35m x 23m gro\u00dfem Feld mit je 5 Spieler. Jede Mannschaft darf bis zu 3 Reservespieler einsetzen, die jederzeit eingewechselt werden d\u00fcrfen. Die 1m x 1,5m gro\u00dfen Tore befinden sich in 2m H\u00f6he \u00fcber dem Wasserspeigel. Der Ball darf mit dem Paddel oder mit den H\u00e4ndern bewegt werden. Ein Spieler darf jedoch nciht l\u00e4nger als 5 Sekunden in Ballbesitz sein. Tormann kann jeder Spieler der verteidigenden Mannschaft werden. Er muss dazu nur unmittelbar unter dem Tor stehen, und das Paddel zur Abwehr hochheben. Ab diesem Moment darf er nicht mehr angegriffen werden. Jeder Spieler der in Ballbesitz ist, darf durch einen Sto\u00df and die Schulter zum kentern gebracht werden.<\/p>\n<p>Alles in allem stellt das Spiel eine gute Mischung aus Geschwindigkeit, Taktik, Action und Zuschauerfreundlichkeit dar.<\/p>\n<table border=\"0\" width=\"100%\" cellspacing=\"1\" cellpadding=\"1\" align=\"center\">\n<tbody>\n<tr>\n<td>\u00a0\u00a0<img decoding=\"async\" src=\"https:\/\/www.naturfreunde-ybbs.at\/ULPics\/big_1011.jpg\" alt=\"\" border=\"0\" \/><\/td>\n<td>\u00a0<img decoding=\"async\" src=\"https:\/\/www.naturfreunde-ybbs.at\/ULPics\/big_1012.jpg\" alt=\"\" border=\"0\" \/><\/td>\n<\/tr>\n<\/tbody>\n<\/table>\n<p>&nbsp;<\/p>\n<p>Unser Verein startete bereits in den 80er Jahren mit einem KanuPolo Team. Bis zum Jahr 1995 indem wir im Rahmen der Europameisterschaft in Rom unser Land \u00d6sterreich vertraten, nahmen wir an verschiedenen WMs und EMs teil und schafften es eine Mannschaft aufzubauen, die International zwar nicht an der Spitze mithalten konnte, aber doch in der Lager war an vielen Turnieren in unserem europ\u00e4ischen Umland erfolgreich mitzuk\u00e4mpfen. Au\u00dferdem veranstallteten wir 3 internationale Turniere im Freibad Wieselburg.<\/p>\n<p>Da wir allerdings in \u00d6sterreich alleine auf weiter Flur waren, fehlte es uns an Trainingsm\u00f6glichkeiten und so wurden die Aktivit\u00e4ten kurz nach der EM 1995 eingestellt.<\/p>\n<p>Jetzt hat sich die Situation ge\u00e4ndert ! Im Zuge des Projektes &#8222;<span style=\"font-family: Arial; font-size: small;\"><b>Vienna KanuPolo Team&#8220; <\/b>versuchen ein paar engagierte Personen seit 2008 wieder ein Polo Team in \u00d6sterreich (in diesem Fall in Wien) aufzubauen.\u00a0<\/span><\/p>\n<p>Angespornt durch diese Entwicklung haben wir beschlossen, einen zweiten Anlauf zu starten.<br \/>\nSeit 2009 sind wir in dieser Sportart wieder vertreteten.<\/p>\n<p>Aktuell trainieren wir am Oberleitnerteich in Ybbs.<\/p>\n<p>Wir sind jetzt immer auf der Suche nach Personen, die Interesse daran haben, diese Sprotart aktiv auszu\u00fcben.<br \/>\nBei Interesse kontaktieren sie bitte Engl Roman unter : <span style=\"color: #1772af;\">kanuclub@naturfreunde-ybbs.at<\/span><\/p>\n<p><a href=\"https:\/\/www.naturfreunde-ybbs.at\/nfkc\/?p_page=photo.php&amp;GRPID=29\" target=\"_self\">Hier gehts zu den Bildern unseres Einsatzes bei ersten Wiener KanuPolo Turnier am 27.09.2008.<\/a><\/p>\n<p>N\u00e4here Informationen zur Sportart\u00a0 finden sie unter folgenden Links :<\/p>\n<ul>\n<li><a href=\"https:\/\/de.wikipedia.org\/wiki\/Kanupolo\" target=\"_blank\">Wikipedia<\/a><\/li>\n<li><a href=\"https:\/\/www.kanupolo.at\/\" target=\"_blank\">kanupolo.at<\/a><\/li>\n<li><a href=\"https:\/\/www.kanupolo.de\/\" target=\"_blank\">kanupolo.de<\/a><\/li>\n<\/ul>\n<p><img decoding=\"async\" src=\"https:\/\/www.naturfreunde-ybbs.at\/ULPics\/big_1010.jpg\" alt=\"\" border=\"0\" \/><\/p>\n","protected":false},"excerpt":{"rendered":"<p>\u00a0Kanu Polo &#8230; .. ist eine Mannschaftssportart f\u00fcr Kajakfahrer. Die Regeln stellen eine Mischung aus Fussball, Wasserball und Basketball dar. Gespielt wird auf einem 35m x 23m gro\u00dfem Feld mit je 5 Spieler. Jede Mannschaft darf bis zu 3 Reservespieler einsetzen, die jederzeit eingewechselt werden d\u00fcrfen. Die 1m x 1,5m gro\u00dfen Tore befinden sich in &hellip; <\/p>\n<p><a class=\"more-link btn\" href=\"https:\/\/www.naturfreunde-ybbs.at\/nfkc\/?page_id=316\">Weiterlesen<\/a><\/p>\n","protected":false},"author":2,"featured_media":0,"parent":0,"menu_order":0,"comment_status":"closed","ping_status":"closed","template":"","meta":{"footnotes":""},"class_list":["post-316","page","type-page","status-publish","hentry","nodate","item-wrap"],"_links":{"self":[{"href":"https:\/\/www.naturfreunde-ybbs.at\/nfkc\/index.php?rest_route=\/wp\/v2\/pages\/316","targetHints":{"allow":["GET"]}}],"collection":[{"href":"https:\/\/www.naturfreunde-ybbs.at\/nfkc\/index.php?rest_route=\/wp\/v2\/pages"}],"about":[{"href":"https:\/\/www.naturfreunde-ybbs.at\/nfkc\/index.php?rest_route=\/wp\/v2\/types\/page"}],"author":[{"embeddable":true,"href":"https:\/\/www.naturfreunde-ybbs.at\/nfkc\/index.php?rest_route=\/wp\/v2\/users\/2"}],"replies":[{"embeddable":true,"href":"https:\/\/www.naturfreunde-ybbs.at\/nfkc\/index.php?rest_route=%2Fwp%2Fv2%2Fcomments&post=316"}],"version-history":[{"count":4,"href":"https:\/\/www.naturfreunde-ybbs.at\/nfkc\/index.php?rest_route=\/wp\/v2\/pages\/316\/revisions"}],"predecessor-version":[{"id":620,"href":"https:\/\/www.naturfreunde-ybbs.at\/nfkc\/index.php?rest_route=\/wp\/v2\/pages\/316\/revisions\/620"}],"wp:attachment":[{"href":"https:\/\/www.naturfreunde-ybbs.at\/nfkc\/index.php?rest_route=%2Fwp%2Fv2%2Fmedia&parent=316"}],"curies":[{"name":"wp","href":"https:\/\/api.w.org\/{rel}","templated":true}]}}