{"id":44,"date":"2016-03-22T13:42:26","date_gmt":"2016-03-22T12:42:26","guid":{"rendered":"https:\/\/www.naturfreunde-ybbs.at\/nfkc2016\/?page_id=44"},"modified":"2024-04-15T10:45:27","modified_gmt":"2024-04-15T08:45:27","slug":"newsletter","status":"publish","type":"page","link":"https:\/\/www.naturfreunde-ybbs.at\/nfkc\/?page_id=44","title":{"rendered":"Newsletter"},"content":{"rendered":"<p>Unsere Kommunikation erfolgt haupts\u00e4chlich \u00fcber facebook und diese Homepage.<br \/>\nF\u00fcr einige Bereich wie Anf\u00e4ngertraining bilden sich ggf. Whatsapp Gruppe.<br \/>\nSollten sie Interesse an unseren Veranstaltungen haben kontaktieren sie uns bitte unter kanuclub@naturfreunde-ybbs.at.<\/p>\n","protected":false},"excerpt":{"rendered":"<p>Unsere Kommunikation erfolgt haupts\u00e4chlich \u00fcber facebook und diese Homepage. F\u00fcr einige Bereich wie Anf\u00e4ngertraining bilden sich ggf. Whatsapp Gruppe. Sollten sie Interesse an unseren Veranstaltungen haben kontaktieren sie uns bitte unter kanuclub@naturfreunde-ybbs.at.<\/p>\n","protected":false},"author":1,"featured_media":0,"parent":0,"menu_order":0,"comment_status":"closed","ping_status":"closed","template":"","meta":{"footnotes":""},"class_list":["post-44","page","type-page","status-publish","hentry","nodate","item-wrap"],"_links":{"self":[{"href":"https:\/\/www.naturfreunde-ybbs.at\/nfkc\/index.php?rest_route=\/wp\/v2\/pages\/44","targetHints":{"allow":["GET"]}}],"collection":[{"href":"https:\/\/www.naturfreunde-ybbs.at\/nfkc\/index.php?rest_route=\/wp\/v2\/pages"}],"about":[{"href":"https:\/\/www.naturfreunde-ybbs.at\/nfkc\/index.php?rest_route=\/wp\/v2\/types\/page"}],"author":[{"embeddable":true,"href":"https:\/\/www.naturfreunde-ybbs.at\/nfkc\/index.php?rest_route=\/wp\/v2\/users\/1"}],"replies":[{"embeddable":true,"href":"https:\/\/www.naturfreunde-ybbs.at\/nfkc\/index.php?rest_route=%2Fwp%2Fv2%2Fcomments&post=44"}],"version-history":[{"count":3,"href":"https:\/\/www.naturfreunde-ybbs.at\/nfkc\/index.php?rest_route=\/wp\/v2\/pages\/44\/revisions"}],"predecessor-version":[{"id":1186,"href":"https:\/\/www.naturfreunde-ybbs.at\/nfkc\/index.php?rest_route=\/wp\/v2\/pages\/44\/revisions\/1186"}],"wp:attachment":[{"href":"https:\/\/www.naturfreunde-ybbs.at\/nfkc\/index.php?rest_route=%2Fwp%2Fv2%2Fmedia&parent=44"}],"curies":[{"name":"wp","href":"https:\/\/api.w.org\/{rel}","templated":true}]}}