{"id":5,"date":"2016-03-21T21:15:03","date_gmt":"2016-03-21T20:15:03","guid":{"rendered":"https:\/\/www.naturfreunde-ybbs.at\/nfkc2016\/?page_id=5"},"modified":"2024-05-14T11:19:33","modified_gmt":"2024-05-14T09:19:33","slug":"jugend-und-anfaenger","status":"publish","type":"page","link":"https:\/\/www.naturfreunde-ybbs.at\/nfkc\/?page_id=5","title":{"rendered":"Jugend und Anf\u00e4nger"},"content":{"rendered":"<h2 style=\"text-align: center;\"><span style=\"text-decoration: underline;\"><strong>Jugend und Anf\u00e4ngertraining<\/strong><\/span><\/h2>\n<p>Jeder Interessierte darf bei uns bis zu <strong>3 mal ein Schnuppertraining<\/strong> besuchen.<\/p>\n<p>Das Schnuppertraining sowie das Training f\u00fcr Anf\u00e4nger und Kinder findet<\/p>\n<h3 style=\"text-align: center;\"><strong>von Mai bis Mitte September jeden Montag um 17:30<\/strong><\/h3>\n<p>statt. Treffpunkt bei unserem Bootshaus in der Angernstrasse 13 in Ybbs.<\/p>\n<p>Mitzubringen ist nur Badebekleidung (bzw. Kleidung zum Wechseln). Die Wahrscheinlichkeit dass Ihr beim Training nass werdet ist sehr hoch. Wir empfehlen f\u00fcr die Schnuppertrainings Tage mit Sch\u00f6nwetter.<\/p>\n<p>W\u00e4hrend des Trainings gilt f\u00fcr ALLE Schwimmwestenpflicht! Die Ausr\u00fcstung (Paddel, Kajak, Schwimmweste) wird zur Verf\u00fcgung gestellt.<\/p>\n<p>&nbsp;<\/p>\n<p>Kontakt : Engl Roman, <a href=\"mailto:kanuclub@naturfreunde-ybbs.at\">kanuclub@naturfreunde-ybbs.at<\/a> , +43 664 618 39 16<\/p>\n<p><a href=\"https:\/\/www.naturfreunde-ybbs.at\/nfkc2016\/?page_id=44\">Wenn sie \u00fcber unsere Aktivit\u00e4ten am Laufenden sein wollen, empfehlen wir die Anmeldung zu unserem Newsletter.<\/a><\/p>\n<p>&nbsp;<\/p>\n<p><img loading=\"lazy\" decoding=\"async\" class=\"size-medium wp-image-314\" src=\"https:\/\/www.naturfreunde-ybbs.at\/nfkc2016\/wp-content\/uploads\/2016\/03\/P9200068-300x221.jpg\" alt=\"OLYMPUS DIGITAL CAMERA\" width=\"300\" height=\"221\" srcset=\"https:\/\/www.naturfreunde-ybbs.at\/nfkc\/wp-content\/uploads\/2016\/03\/P9200068-300x221.jpg 300w, https:\/\/www.naturfreunde-ybbs.at\/nfkc\/wp-content\/uploads\/2016\/03\/P9200068-768x566.jpg 768w, https:\/\/www.naturfreunde-ybbs.at\/nfkc\/wp-content\/uploads\/2016\/03\/P9200068.jpg 784w\" sizes=\"auto, (max-width: 300px) 100vw, 300px\" \/><\/p>\n","protected":false},"excerpt":{"rendered":"<p>Jugend und Anf\u00e4ngertraining Jeder Interessierte darf bei uns bis zu 3 mal ein Schnuppertraining besuchen. Das Schnuppertraining sowie das Training f\u00fcr Anf\u00e4nger und Kinder findet von Mai bis Mitte September jeden Montag um 17:30 statt. Treffpunkt bei unserem Bootshaus in der Angernstrasse 13 in Ybbs. Mitzubringen ist nur Badebekleidung (bzw. Kleidung zum Wechseln). Die Wahrscheinlichkeit &hellip; <\/p>\n<p><a class=\"more-link btn\" href=\"https:\/\/www.naturfreunde-ybbs.at\/nfkc\/?page_id=5\">Weiterlesen<\/a><\/p>\n","protected":false},"author":1,"featured_media":0,"parent":0,"menu_order":0,"comment_status":"closed","ping_status":"closed","template":"","meta":{"footnotes":""},"class_list":["post-5","page","type-page","status-publish","hentry","nodate","item-wrap"],"_links":{"self":[{"href":"https:\/\/www.naturfreunde-ybbs.at\/nfkc\/index.php?rest_route=\/wp\/v2\/pages\/5","targetHints":{"allow":["GET"]}}],"collection":[{"href":"https:\/\/www.naturfreunde-ybbs.at\/nfkc\/index.php?rest_route=\/wp\/v2\/pages"}],"about":[{"href":"https:\/\/www.naturfreunde-ybbs.at\/nfkc\/index.php?rest_route=\/wp\/v2\/types\/page"}],"author":[{"embeddable":true,"href":"https:\/\/www.naturfreunde-ybbs.at\/nfkc\/index.php?rest_route=\/wp\/v2\/users\/1"}],"replies":[{"embeddable":true,"href":"https:\/\/www.naturfreunde-ybbs.at\/nfkc\/index.php?rest_route=%2Fwp%2Fv2%2Fcomments&post=5"}],"version-history":[{"count":12,"href":"https:\/\/www.naturfreunde-ybbs.at\/nfkc\/index.php?rest_route=\/wp\/v2\/pages\/5\/revisions"}],"predecessor-version":[{"id":1188,"href":"https:\/\/www.naturfreunde-ybbs.at\/nfkc\/index.php?rest_route=\/wp\/v2\/pages\/5\/revisions\/1188"}],"wp:attachment":[{"href":"https:\/\/www.naturfreunde-ybbs.at\/nfkc\/index.php?rest_route=%2Fwp%2Fv2%2Fmedia&parent=5"}],"curies":[{"name":"wp","href":"https:\/\/api.w.org\/{rel}","templated":true}]}}