{"id":559,"date":"2016-03-31T08:21:38","date_gmt":"2016-03-31T06:21:38","guid":{"rendered":"https:\/\/www.naturfreunde-ybbs.at\/nfkc\/?page_id=559"},"modified":"2019-06-26T07:11:35","modified_gmt":"2019-06-26T05:11:35","slug":"der-verein","status":"publish","type":"page","link":"https:\/\/www.naturfreunde-ybbs.at\/nfkc\/?page_id=559","title":{"rendered":"Der Verein"},"content":{"rendered":"<p><a name=\"Chronik\"><\/a>Chronik<br \/>\n<a href=\"#Standort\">Standort<\/a><\/p>\n<h1>Naturfreunde Kanu Club Ybbs<\/h1>\n<p class=\"MsoTitle\"><b><i>Obmann: Roman Engl<\/i><\/b><\/p>\n<p class=\"MsoTitle\">Durch die gegebene Lage \u201ean der sch\u00f6nen, blauen Donau\u201c wurde 1955 im urspr\u00fcnglichen<br \/>\nWander- und Bergverein \u201eDie Naturfreunde\u201c die TVN-Paddelgruppe Ybbs gegr\u00fcndet.<br \/>\nAls prominentes Gr\u00fcndungsmitglied sei B\u00fcrgermeister Josef Traxler genannt, ein<br \/>\nG\u00f6nner und F\u00f6rderer von Sport und Kultur.<\/p>\n<p class=\"MsoNormal\">Die erste Bootsunterkunft befand sich im Kellerraum der alten Schule und Obmann<br \/>\nwar Willi Kappelm\u00fcller. Mit der Paddelgruppe begann der Aufschwung unseres Vereines.<br \/>\nEs wurden Tourenwarte f\u00fcr Wasserwandern ausgebildet und regelm\u00e4\u00dfig Flusswanderfahrten<br \/>\ndurchgef\u00fchrt.<\/p>\n<p class=\"MsoNormal\">Der Ybbser Bootsbauer Sieberer fertigte f\u00fcr den Verein die ersten Kajaks, alte Boote<br \/>\nwurden angekauft und vom Bootswart Hausleitner wieder brauchbar gemacht. Eine<br \/>\nkleine Gruppe verschrieb sich dem Flachwasserrennsport und schon 1957 konnte<br \/>\nman die ersten ASK\u00d6- und TVN-Bundesmeistertitel verzeichnen. Es folgten N\u00d6-Landesmeister<br \/>\nund 1961 wurde Leo Kappelm\u00fcller im KI \u00d6sterr. Staatsmeister auf der 1000 m Strecke<br \/>\nund geh\u00f6rte bis 1963 dem Nationalkader des \u00d6sterr.Paddelsportverbandes<br \/>\nan. Ein beachtlicher Erfolg im KII mit Adi St\u00f6ckl war ein 5.Platz in<br \/>\nSpanien unter 120 Booten aus 12 Nationen. Unsere Jugendlichen Wagner Hannes,<br \/>\nRiegler Hans und Pyringer Willy wurden in den folgenden Jahren N\u00d6-Jugendmeister<br \/>\nim WW-Slalom und \u2013Regatta, sowie im K i und KII am Flachwasser. Ab 1965 wurde<br \/>\nder Schwerpunkt mehr auf Wildwasser- und Slalomsport gelegt und auch hier der<br \/>\nerste N\u00d6-Landesmeistertitel bei der WW-Regatta auf der Erlauf errungen.<\/p>\n<p class=\"MsoNormal\">Zahlreiche Slalomveranstaltungen wurden im Zentralbach und an der Donaul\u00e4nde durchgef\u00fchrt,<br \/>\nan denen sich die besten Paddler \u00d6sterreichs, wie Weltmeister Pre\u00dflmayr, beteiligten.<br \/>\nIn dieser Zeit entwickelte sich die Paddelgruppe immer mehr zu einer Wettkampfgruppe,<br \/>\nim Kajaksport unter Leitung von Leo Kappelm\u00fcller und im Slalom\/Wildwasser von<br \/>\nWilli Kappelm\u00fcller. F\u00fcr eine sinnvolle Freizeitgestaltung, wurde durch Adi St\u00f6ckl<br \/>\nder Jugendbetreuung gro\u00dfe Beachtung geschenkt, was mit weiteren Jugendmeistertiteln<br \/>\nbelohnt wurde.<\/p>\n<p class=\"MsoNormal\">Zum 10j\u00e4hrigen Gr\u00fcndungsfest fand die feierliche \u00dcbergabe des Bootsraumes in der<br \/>\nStadthalle Ybbs, verbunden mit einer Bootstaufe, statt. 1966 wird Johann Riegler<br \/>\nund 1967 endlich auch der \u201eewige Zweite\u201c Willi Kappelm\u00fcller in der WW-Regatta<br \/>\nN\u00d6-Landesmeister.<\/p>\n<p class=\"MsoNormal\">Nach einer kurzen Krise bei den Paddlern \u00fcbernahm Leo Kappelm\u00fcller, der gleichzeitig<br \/>\nGr\u00fcndungsmitglied im N\u00d6-Paddelsportverband ist, von seinem Bruder Willi die<br \/>\nObmannstelle.<br \/>\nStefan Krammer jun. wird 1972 \u2013<br \/>\n1974, vom Vater trainiert, N\u00d6-Landesjugendmeister in WW-Slalom und \u2013Regatta<br \/>\nsowie 1975 N\u00d6 Landesmeister.<\/p>\n<p class=\"MsoNormal\">Eine j\u00fcngere Generation w\u00e4chst heran und nach mehreren Jahren harter Arbeit stellen<br \/>\nsich wieder die gewohnten Erfolge ein: \u00d6sterr. Sch\u00fclermeister wird im WW-Slalom<br \/>\nund \u2013Regatta Franz Engl und N\u00d6-Landesmeister Slalom Mannschaft Krammer-Eplinger-Lindorfer;<br \/>\n1976 wird Franz Kretzl \u00d6sterr.Sch\u00fclermeister in WW-Slalom und \u00d6sterr.Slalom-Staatsmeister<br \/>\ndie Mannschaft Krammer-Eplinger \u2013Engl. 1979 schafft Andreas Kretzl den \u00d6sterr.-Sch\u00fclermeister<br \/>\nim WW-Slalom. In diesen Jahren nahm Stefan Krammer jun. an WW-Regatta-Europacups<br \/>\nund 1980 auch Franz Engl im WW-Slalom Europacup teil. 1981 wurden Strohm\u00fcller\u2013Engl\u2013Eplinger<br \/>\nN\u00d6-Landesmeister im WW-Slalom Mannschaftslauf und die<br \/>\nAufnahme von Franz Strohm\u00fcller in das HSNS-Leistungszentrum wirkt sich f\u00fcr die<br \/>\ngesamte Gruppe positiv aus. Unsere Wildwassersportler<br \/>\nhaben \u00d6sterreich auch im Ausland u.a. in den USA und Kanada erfolgreich vertreten.<br \/>\nMehrere Mitglieder unseres Vereines bekamen Verdienst- und Ehrenzeichen des Bundes sowie<br \/>\nf\u00fcr besondere sportliche Leistungen wurden die erfolgreichsten Paddler mit den<br \/>\nSportehrenzeichen der Stadt Ybbs ausgezeichnet.<\/p>\n<p class=\"MsoNormal\">Anl\u00e4\u00dflich des 30j\u00e4hrigen Bestehens der Paddelgruppe wurde ein Slalom und eine Regatta<br \/>\nin Ybbs durchgef\u00fchrt, bei dem die Landesmeister der Naturfreunde ermittelt wurden.<br \/>\nEin Festabend im Volksheim mit Anwesenheit prominenter Pers\u00f6nlichkeiten des<br \/>\nSports und der Gemeinde gab der Jubil\u00e4umsveranstaltung einen w\u00fcrdigen Abschlu\u00df.<br \/>\nEs bildete sich wieder eine starke Jugendgruppe. 1985 wurden Kramml-Rass-Winkler<br \/>\n\u00d6sterr.Jugendmeister im Mannschaftsbewerb Slalom, ebenso erk\u00e4mpften sie den<br \/>\nN\u00d6-Jugendmeistertitel. Die Mannschaften der NF Ybbs mit Franz Strohm\u00fcller, Paul<br \/>\nEplinger, Harald Winkler, Manfred Rass und Reinhard Kramml holten sich im Jahr<br \/>\n1986 einen \u00d6sterr. und f\u00fcnf N\u00d6-Meistertitel. Sie nahmen auch an der Junioren-Weltmeisterschaft<br \/>\nteil. 1988 wurden Franz Strohm\u00fcller u. Andreas Kretzl Staatsmeister im C II.<\/p>\n<p class=\"MsoNormal\">Berufliche Ver\u00e4nderungen und das Fehlen an paddelsportinteressierten Jugendlichen f\u00fchrte<br \/>\nabermals zur Stagnation der Gruppe. Um ehemalige Wettkampfsportler wieder zu<br \/>\nmotivieren, wurde Kanu-Polo in unser Programm und \u00fcber Antrag des NFKC Ybbs<br \/>\ndie in \u00d6sterreich neue Sportart auch im \u00d6sterr.Kanuverband aufgenommen.<br \/>\nDer Umstand, da\u00df unsere Gruppe zweimal \u00d6sterr.Vizemeister wurde veranla\u00dfte<br \/>\nuns, die \u00d6sterr. Meisterschaft am Oberleitner-Teich durchzuf\u00fchren. Diese junge,<br \/>\ndynamische Sportart begeisterte alle Teilnehmer und Ybbs wurde \u00d6sterr. Kanupolo-Meister<br \/>\n1989. Angespornt durch den sch\u00f6nen Erfolg und dem verst\u00e4rkten Bem\u00fchen von Andreas<br \/>\nKretzl nahm die Mannschaft an vielen internat. Turnieren teil und vertrat \u00d6sterreich<br \/>\n1993 bei der Europameisterschaft in Sheffield. 1994 war die Mannschaft bei der<br \/>\nKanupolo-Weltmeisterschaft, ebenfalls in Sheffield, dabei. Zum ersten Mal veranstalteten<br \/>\nwir ein Int.Kanupolo-Turnier, an dem 6 Mannschaften aus 3 Nationen teilnahmen,<br \/>\nim Wieselburger Freibad. 1995 vertrat die Ybbser Mannschaft bei der Kanupolo-Europameisterschaft<br \/>\nin Rom die \u00d6sterr. Farben.<\/p>\n<p class=\"MsoNormal\">Der NFKC Ybbs ist Neuem immer aufgeschlossen, wie derzeit zu Wildwasser Rodeo. Einige<br \/>\nverwegene Walzensurfer testen bereits ihre neuen Boote in den gr\u00f6\u00dften Walzen<br \/>\nder Salza.<\/p>\n<p class=\"MsoNormal\">Seit dem Jahr 1991 sind Franz Engl und Paul Eplinger im Vereinsvorstand vertreten<br \/>\nund sie sollen weiterhin f\u00fcr die Zukunft der Paddelgruppe sorgen. An der Erneuerung<br \/>\nder Gruppe wurde bereits gearbeitet und die Umbenennung auf NFKC Ybbs vorgenommen.<br \/>\nUm das \u00e4u\u00dfere Erscheinungsbild zu heben, gab<br \/>\nman T-Shirts, Sweater und Trainigsanz\u00fcge in Auftrag und verkaufte sie an die<br \/>\nMitglieder. Durch verst\u00e4rktes Bem\u00fchen, um Sch\u00fcler zum Paddeln zu bewegen, wurde<br \/>\neine Zusammenarbeit mit der Sporthauptschule Ybbs von unserem Verein angestrebt<br \/>\nund Wanderwart OPL Kaudelka unterrichtet Paddeln in einer Neigungs- und Wahlpflichtgruppe.<\/p>\n<p class=\"MsoBodyText\">Leo Kappelm\u00fcller \u00fcbergab nach langer, erfolgreicher Leitung der Gruppe im Jahre<br \/>\n1997 die Obmannstelle an Franz Engl, der mit seinem jungen Team bereits gute<br \/>\nAufbauarbeit geleistet hat. Erstmals wurde der Int.Kanuslalom und die Regatta<br \/>\nauf der Erlauf von unserem Verein zur vollsten Zufriedenheit des OKV organisiert.<br \/>\nHier konnte sich unsere Regattamannschaft- Sch\u00fcler C den Titel des \u00d6sterr. Sch\u00fclermeister<br \/>\nsichern. Durch die Einf\u00fchrung eines j\u00e4hrlichen Jugend-Pfingstlagers gelingt<br \/>\nes die Kids f\u00fcr den Wassersport zu begeistern.<\/p>\n<p class=\"MsoNormal\">Mega-fun waren die Fernsehaufnahmen des ORF in Wildalpen f\u00fcr die Serie \u201eConfettiTV\u201c,<br \/>\nan denen dreizehn Kinder teilnahmen.<\/p>\n<p class=\"MsoNormal\">Unsere f\u00fcnf st\u00e4rksten Nachwuchspaddler feilten ihre Slalomtechnik beim OKV-Jugendkurs<br \/>\nauf der Salza weiter aus. Beim \u00d6sterr. Sch\u00fcler- und Jugendcup erreichte Harry<br \/>\nNu\u00dfbaumm\u00fcller, Jugend B, im Slalom den 1. und in der Regatta den 3.Platz. In<br \/>\nder Klasse Sch\u00fcler D dominierte Patrick Kittl sowohl im Slalom als auch in der<br \/>\nRegatta.<\/p>\n<p class=\"MsoNormal\">Das Jahr 1998 war f\u00fcr die Ybbser Jugend des NFKC-Donaukraft ein sehr erfolgreiches.<br \/>\nEs wurden 25 erste, 30 zweite und 25 dritte Pl\u00e4tze errungen. Zu den gr\u00f6\u00dften<br \/>\nErfolgen z\u00e4hlen der \u00d6sterr. Sch\u00fclermeister im Wildwasser-Slalom durch Alexander<br \/>\nEplinger und der \u00d6sterr. Sch\u00fclermeister in der Regatta-Mannschaft durch Alexander<br \/>\nEplinger-Patrick Kittl-Christian Dangl.<\/p>\n<p class=\"MsoNormal\">Obwohl in der Paddelgruppe schon immer auch M\u00e4dchen aktiv an Rennen teilnahmen, blieben<br \/>\nleider die erhofften Spitzenpl\u00e4tze aus. Umso erfreulicher ist, da\u00df unter dem<br \/>\nderzeitigen Nachwuchs einiger ehrgeiziger M\u00e4dchen es nun Iris Dangl geschafft<br \/>\nhat, Sch\u00fcler-Cupsiegerin im Slalom und in der Regatta zu werden. Die weiteren<br \/>\nCupsieger sind: Slalom Sch\u00fcler Alexander Eplinger, Slalom-Anf\u00e4nger Philip Fichtinger,<br \/>\nSlalom Sch\u00fcler D Christoph Eplinger. Aufgrund dieser guten Leistungen wurden<br \/>\nAlexander Eplinger und Patrick Kittl in den \u00f6sterr. Jugendkader einberufen und<br \/>\nHarald Nu\u00dfbaumm\u00fcller in den erweiterten Kader aufgenommen.<\/p>\n<p class=\"MsoNormal\">F\u00fcr 40 Jahre unerm\u00fcdliche Funktion\u00e4rsarbeit wurden Hermine Kappelm\u00fcller, Wilhelm<br \/>\nKappelm\u00fcller und Leo Kappelm\u00fcller 1998 im Rahmen eines Festaktes das Landessportehrenzeichen<br \/>\nin GOLD verliehen. In Anerkennung der zahlreichen aktiven Helfer im Verein darf<br \/>\nman die Paddelgruppe als das Herz der NF-Ortsgruppe Ybbs bezeichnen und die<br \/>\nvielen gro\u00dfen Erfolge der jungen, dynamischen Paddelgeneration im NFKC-Donaukraft<br \/>\nYbbs zeigen, da\u00df es kr\u00e4ftig weiterschl\u00e4gt. Stehen im Bereich nat\u00fcrlich die hervorragenden<br \/>\nsportlichen Leistungen im Vordergrund, so m\u00f6chten wir die Jugend ansprechen,<br \/>\nin unserer Gemeinschaft die Sch\u00f6nheiten der Natur und das \u201eFeeling\u201c auf dem<br \/>\nWasser zu erleben und das in Teamwork entstandene neue Vereinshaus in Zukunft<br \/>\nals Kommunikationszentrum zu n\u00fctzen.<\/p>\n<p class=\"MsoNormal\">Am 9. Oktober 2009 wird die F\u00fchrung des Vereins erneut in die Obhut eines jungen Teams gelegt.<br \/>\nDominik Veigl \u00fcbernimmt das Amt des Obmannes von Engl Franz der aber weiterhin als Obmannstellvertreter t\u00e4tig ist.<br \/>\nIn dern Jahren 2009 und 2010 wird erneut am Aufbau eines KanuPolo Teams gearbeitet.<br \/>\n2010 stellen sich mit einem 4. Platz in M\u00fcnchen [GER], einem 2. Platz in San Giorgio [ITA] und dem 2. Platz in dern \u00f6sterreichischen Meisterschaften die ersten Erfolge ein.<\/p>\n<p class=\"MsoNormal\">2015 folgt Engl Roman als neuer Obmann.<\/p>\n<p class=\"MsoNormal\">2017 wird die Sparte &#8222;Stand Up Paddle&#8220; (=SUP) in den Verein aufgenommen.<\/p>\n<p class=\"MsoNormal\">In wenigen Jahren wird Material angschafft um auch die Nachfrage im Bereich SUP erf\u00fcllen zu k\u00f6nnen. Unter der Leitung von Andreas Mistlbauer bildet sich eine erste Jugendgruppe.<\/p>\n<p class=\"MsoNormal\">Au\u00dferdem nehmen auch wieder einige Mitglieder an nationalen und internationalen Bewerben im Kajak teil.<\/p>\n<p class=\"MsoNormal\">2019 werden im Staubereich des Donaukraftwerkes Ybbs die Landesmeisterschaften im Kajak ausgetragen.<\/p>\n<p class=\"MsoNormal\">Der aktuelle Vorstand:<\/p>\n<p><center><img loading=\"lazy\" decoding=\"async\" class=\"alignnone size-medium wp-image-1053\" src=\"https:\/\/www.naturfreunde-ybbs.at\/nfkc\/wp-content\/uploads\/2016\/03\/org_09052019-300x210.png\" alt=\"org_09052019\" width=\"300\" height=\"210\" srcset=\"https:\/\/www.naturfreunde-ybbs.at\/nfkc\/wp-content\/uploads\/2016\/03\/org_09052019-300x210.png 300w, https:\/\/www.naturfreunde-ybbs.at\/nfkc\/wp-content\/uploads\/2016\/03\/org_09052019-768x538.png 768w, https:\/\/www.naturfreunde-ybbs.at\/nfkc\/wp-content\/uploads\/2016\/03\/org_09052019-1024x717.png 1024w, https:\/\/www.naturfreunde-ybbs.at\/nfkc\/wp-content\/uploads\/2016\/03\/org_09052019.png 1121w\" sizes=\"auto, (max-width: 300px) 100vw, 300px\" \/><br \/>\n<img decoding=\"async\" src=\".\/img\/haus2.jpg\" alt=\"\" border=\"0\" \/><\/center><\/p>\n<p class=\"MsoNormal\" align=\"center\">.. unser Naturfreunde Haus und Bootshaus.<\/p>\n<p class=\"MsoNormal\" align=\"left\"><a name=\"Standort\"><\/a>Standort<\/p>\n<table border=\"1\" width=\"100%\">\n<tbody>\n<tr>\n<td width=\"50%\"><iframe loading=\"lazy\" style=\"border: 0;\" src=\"https:\/\/www.google.com\/maps\/embed?pb=!1m18!1m12!1m3!1d2660.6859004344037!2d15.086334716036921!3d48.174134656592415!2m3!1f0!2f0!3f0!3m2!1i1024!2i768!4f13.1!3m3!1m2!1s0x4772430fb28d5125%3A0xac46aecff7f7381f!2sAngernstra%C3%9Fe+13%2C+3370+Ybbs+an+der+Donau!5e0!3m2!1sde!2sat!4v1459405695321\" width=\"600\" height=\"450\" frameborder=\"0\" allowfullscreen=\"allowfullscreen\"><\/iframe><\/td>\n<td width=\"50%\">Wenn sie von der Autobahn kommen, fahren sie Richtung Ybbs, bis zu einem gro\u00dfem<br \/>\nKreisverkehr, wo am Anfang eine Avantitankstelle ist.<br \/>\nIn den Kreisverkehr eingefahren fahren sie gleich wieder die erste Ausfahrt<br \/>\nrechts hinaus, dann weiter bis zu einem Wohnhaus, wo sie rechts vorbeifahren<br \/>\nund dann die n\u00e4chste Stra\u00dfe links abbiegen.<br \/>\nNach ca.100m sehen sie schon unser Vereinshaus<\/td>\n<\/tr>\n<\/tbody>\n<\/table>\n<p>&nbsp;<\/p>\n","protected":false},"excerpt":{"rendered":"<p>Chronik Standort Naturfreunde Kanu Club Ybbs Obmann: Roman Engl Durch die gegebene Lage \u201ean der sch\u00f6nen, blauen Donau\u201c wurde 1955 im urspr\u00fcnglichen Wander- und Bergverein \u201eDie Naturfreunde\u201c die TVN-Paddelgruppe Ybbs gegr\u00fcndet. Als prominentes Gr\u00fcndungsmitglied sei B\u00fcrgermeister Josef Traxler genannt, ein G\u00f6nner und F\u00f6rderer von Sport und Kultur. Die erste Bootsunterkunft befand sich im Kellerraum der &hellip; <\/p>\n<p><a class=\"more-link btn\" href=\"https:\/\/www.naturfreunde-ybbs.at\/nfkc\/?page_id=559\">Weiterlesen<\/a><\/p>\n","protected":false},"author":1,"featured_media":0,"parent":0,"menu_order":0,"comment_status":"closed","ping_status":"closed","template":"","meta":{"footnotes":""},"class_list":["post-559","page","type-page","status-publish","hentry","nodate","item-wrap"],"_links":{"self":[{"href":"https:\/\/www.naturfreunde-ybbs.at\/nfkc\/index.php?rest_route=\/wp\/v2\/pages\/559","targetHints":{"allow":["GET"]}}],"collection":[{"href":"https:\/\/www.naturfreunde-ybbs.at\/nfkc\/index.php?rest_route=\/wp\/v2\/pages"}],"about":[{"href":"https:\/\/www.naturfreunde-ybbs.at\/nfkc\/index.php?rest_route=\/wp\/v2\/types\/page"}],"author":[{"embeddable":true,"href":"https:\/\/www.naturfreunde-ybbs.at\/nfkc\/index.php?rest_route=\/wp\/v2\/users\/1"}],"replies":[{"embeddable":true,"href":"https:\/\/www.naturfreunde-ybbs.at\/nfkc\/index.php?rest_route=%2Fwp%2Fv2%2Fcomments&post=559"}],"version-history":[{"count":8,"href":"https:\/\/www.naturfreunde-ybbs.at\/nfkc\/index.php?rest_route=\/wp\/v2\/pages\/559\/revisions"}],"predecessor-version":[{"id":1054,"href":"https:\/\/www.naturfreunde-ybbs.at\/nfkc\/index.php?rest_route=\/wp\/v2\/pages\/559\/revisions\/1054"}],"wp:attachment":[{"href":"https:\/\/www.naturfreunde-ybbs.at\/nfkc\/index.php?rest_route=%2Fwp%2Fv2%2Fmedia&parent=559"}],"curies":[{"name":"wp","href":"https:\/\/api.w.org\/{rel}","templated":true}]}}